{"id":2905,"date":"2024-11-01T05:59:47","date_gmt":"2024-11-01T05:59:47","guid":{"rendered":"https:\/\/huertodelacondesa.com\/contacto\/"},"modified":"2025-02-19T13:58:37","modified_gmt":"2025-02-19T13:58:37","slug":"contacto","status":"publish","type":"page","link":"https:\/\/huertodelacondesa.com\/en\/contacto\/","title":{"rendered":"Contact"},"content":{"rendered":"\t\t<div data-elementor-type=\"wp-page\" data-elementor-id=\"2905\" class=\"elementor elementor-2905\" data-elementor-post-type=\"page\">\n\t\t\t\t<div class=\"elementor-element elementor-element-f7e216e e-flex e-con-boxed e-con e-parent\" data-id=\"f7e216e\" data-element_type=\"container\" data-settings=\"{&quot;background_background&quot;:&quot;classic&quot;}\">\n\t\t\t\t\t<div class=\"e-con-inner\">\n\t\t\t\t<div class=\"elementor-element elementor-element-f139fe4 elementor-widget elementor-widget-spacer\" data-id=\"f139fe4\" data-element_type=\"widget\" data-widget_type=\"spacer.default\">\n\t\t\t\t<div class=\"elementor-widget-container\">\n\t\t\t\t\t\t\t<div class=\"elementor-spacer\">\n\t\t\t<div class=\"elementor-spacer-inner\"><\/div>\n\t\t<\/div>\n\t\t\t\t\t\t<\/div>\n\t\t\t\t<\/div>\n\t\t<div class=\"elementor-element elementor-element-6804d2d e-con-full e-flex e-con e-child\" data-id=\"6804d2d\" data-element_type=\"container\">\n\t\t\t\t<div class=\"elementor-element elementor-element-439a53b elementor-widget elementor-widget-heading\" data-id=\"439a53b\" data-element_type=\"widget\" data-widget_type=\"heading.default\">\n\t\t\t\t<div class=\"elementor-widget-container\">\n\t\t\t\t\t<h1 class=\"elementor-heading-title elementor-size-default\">Do you have a question?<\/h1>\t\t\t\t<\/div>\n\t\t\t\t<\/div>\n\t\t\t\t<div class=\"elementor-element elementor-element-e302399 elementor-widget elementor-widget-heading\" data-id=\"e302399\" data-element_type=\"widget\" data-widget_type=\"heading.default\">\n\t\t\t\t<div class=\"elementor-widget-container\">\n\t\t\t\t\t<h1 class=\"elementor-heading-title elementor-size-default\">Contact<br>\n\nwith us<\/h1>\t\t\t\t<\/div>\n\t\t\t\t<\/div>\n\t\t\t\t<\/div>\n\t\t\t\t\t<\/div>\n\t\t\t\t<\/div>\n\t\t<div class=\"elementor-element elementor-element-96afa8d e-flex e-con-boxed e-con e-parent\" data-id=\"96afa8d\" data-element_type=\"container\" data-settings=\"{&quot;background_background&quot;:&quot;classic&quot;}\">\n\t\t\t\t\t<div class=\"e-con-inner\">\n\t\t\t\t<div class=\"elementor-element elementor-element-a9c8349 elementor-widget elementor-widget-heading\" data-id=\"a9c8349\" data-element_type=\"widget\" data-widget_type=\"heading.default\">\n\t\t\t\t<div class=\"elementor-widget-container\">\n\t\t\t\t\t<h2 class=\"elementor-heading-title elementor-size-default\">Contact form<\/h2>\t\t\t\t<\/div>\n\t\t\t\t<\/div>\n\t\t\t\t<div class=\"elementor-element elementor-element-ba24fc8 elementor-button-align-center elementor-widget elementor-widget-form\" data-id=\"ba24fc8\" data-element_type=\"widget\" data-settings=\"{&quot;step_next_label&quot;:&quot;Next&quot;,&quot;step_previous_label&quot;:&quot;Previous&quot;,&quot;button_width&quot;:&quot;100&quot;,&quot;step_type&quot;:&quot;number_text&quot;,&quot;step_icon_shape&quot;:&quot;circle&quot;}\" data-widget_type=\"form.default\">\n\t\t\t\t<div class=\"elementor-widget-container\">\n\t\t\t\t\t\t\t<form class=\"elementor-form\" method=\"post\" name=\"New Form\">\n\t\t\t<input type=\"hidden\" name=\"post_id\" value=\"2905\"\/>\n\t\t\t<input type=\"hidden\" name=\"form_id\" value=\"ba24fc8\"\/>\n\t\t\t<input type=\"hidden\" name=\"referer_title\" value=\"Contacto - Huerto de la Condesa\" \/>\n\n\t\t\t\t\t\t\t<input type=\"hidden\" name=\"queried_id\" value=\"2905\"\/>\n\t\t\t\n\t\t\t<div class=\"elementor-form-fields-wrapper elementor-labels-above\">\n\t\t\t\t\t\t\t\t<div class=\"elementor-field-type-text elementor-field-group elementor-column elementor-field-group-name elementor-col-100\">\n\t\t\t\t\t\t\t\t\t\t\t\t<label for=\"form-field-name\" class=\"elementor-field-label\">\n\t\t\t\t\t\t\t\tNAME\t\t\t\t\t\t\t<\/label>\n\t\t\t\t\t\t\t\t\t\t\t\t\t\t<input size=\"1\" type=\"text\" name=\"form_fields[name]\" id=\"form-field-name\" class=\"elementor-field elementor-size-sm  elementor-field-textual\" placeholder=\"Your name here\">\n\t\t\t\t\t\t\t\t\t\t\t<\/div>\n\t\t\t\t\t\t\t\t<div class=\"elementor-field-type-text\">\n\t\t\t\t\t<input size=\"1\" type=\"text\" name=\"form_fields[field_073bf0f]\" id=\"form-field-field_073bf0f\" class=\"elementor-field elementor-size-sm \" style=\"display:none !important;\">\t\t\t\t<\/div>\n\t\t\t\t\t\t\t\t<div class=\"elementor-field-type-email elementor-field-group elementor-column elementor-field-group-email elementor-col-100 elementor-field-required\">\n\t\t\t\t\t\t\t\t\t\t\t\t<label for=\"form-field-email\" class=\"elementor-field-label\">\n\t\t\t\t\t\t\t\tEMAIL\t\t\t\t\t\t\t<\/label>\n\t\t\t\t\t\t\t\t\t\t\t\t\t\t<input size=\"1\" type=\"email\" name=\"form_fields[email]\" id=\"form-field-email\" class=\"elementor-field elementor-size-sm  elementor-field-textual\" placeholder=\"Write your mail here\" required=\"required\">\n\t\t\t\t\t\t\t\t\t\t\t<\/div>\n\t\t\t\t\t\t\t\t<div class=\"elementor-field-type-tel elementor-field-group elementor-column elementor-field-group-field_de55219 elementor-col-100 elementor-field-required\">\n\t\t\t\t\t\t\t\t\t\t\t\t<label for=\"form-field-field_de55219\" class=\"elementor-field-label\">\n\t\t\t\t\t\t\t\tPHONE NUMBER\t\t\t\t\t\t\t<\/label>\n\t\t\t\t\t\t\t\t<input size=\"1\" type=\"tel\" name=\"form_fields[field_de55219]\" id=\"form-field-field_de55219\" class=\"elementor-field elementor-size-sm  elementor-field-textual\" placeholder=\"Your phone number here\" required=\"required\" pattern=\"[0-9()#&amp;+*-=.]+\" title=\"Only numbers and phone characters (#, -, *, etc) are accepted.\">\n\n\t\t\t\t\t\t<\/div>\n\t\t\t\t\t\t\t\t<div class=\"elementor-field-type-textarea elementor-field-group elementor-column elementor-field-group-message elementor-col-100\">\n\t\t\t\t\t\t\t\t\t\t\t\t<label for=\"form-field-message\" class=\"elementor-field-label\">\n\t\t\t\t\t\t\t\tMESSAGE\t\t\t\t\t\t\t<\/label>\n\t\t\t\t\t\t<textarea class=\"elementor-field-textual elementor-field  elementor-size-sm\" name=\"form_fields[message]\" id=\"form-field-message\" rows=\"4\" placeholder=\"Talk to us...\"><\/textarea>\t\t\t\t<\/div>\n\t\t\t\t\t\t\t\t<div class=\"elementor-field-type-recaptcha elementor-field-group elementor-column elementor-field-group-field_afd2aea elementor-col-100\">\n\t\t\t\t\t<div class=\"elementor-field\" id=\"form-field-field_afd2aea\"><div class=\"elementor-g-recaptcha\" data-sitekey=\"6Lc245IqAAAAAOqp9InfEHBTB9amRZjvq5PirA3Z\" data-type=\"v2_checkbox\" data-theme=\"light\" data-size=\"normal\"><\/div><\/div>\t\t\t\t<\/div>\n\t\t\t\t\t\t\t\t<div class=\"elementor-field-type-acceptance elementor-field-group elementor-column elementor-field-group-field_9427f39 elementor-col-100 elementor-field-required\">\n\t\t\t\t\t\t\t<div class=\"elementor-field-subgroup\">\n\t\t\t<span class=\"elementor-field-option\">\n\t\t\t\t<input type=\"checkbox\" name=\"form_fields[field_9427f39]\" id=\"form-field-field_9427f39\" class=\"elementor-field elementor-size-sm  elementor-acceptance-field\" required=\"required\">\n\t\t\t\t<label for=\"form-field-field_9427f39\">I have read and accept the privacy policy<\/label>\t\t\t<\/span>\n\t\t<\/div>\n\t\t\t\t\t\t<\/div>\n\t\t\t\t\t\t\t\t<div class=\"elementor-field-type-acceptance elementor-field-group elementor-column elementor-field-group-field_318d2af elementor-col-100 elementor-field-required\">\n\t\t\t\t\t\t\t<div class=\"elementor-field-subgroup\">\n\t\t\t<span class=\"elementor-field-option\">\n\t\t\t\t<input type=\"checkbox\" name=\"form_fields[field_318d2af]\" id=\"form-field-field_318d2af\" class=\"elementor-field elementor-size-sm  elementor-acceptance-field\" required=\"required\">\n\t\t\t\t<label for=\"form-field-field_318d2af\">I am over 18 years of age or I have the consent of my legal representatives.<\/label>\t\t\t<\/span>\n\t\t<\/div>\n\t\t\t\t\t\t<\/div>\n\t\t\t\t\t\t\t\t<div class=\"elementor-field-type-html elementor-field-group elementor-column elementor-field-group-field_32932e1 elementor-col-100\">\n\t\t\t\t\t* Response time: 24 to 48 hours max.\t\t\t\t<\/div>\n\t\t\t\t\t\t\t\t<div class=\"elementor-field-group elementor-column elementor-field-type-submit elementor-col-100 e-form__buttons\">\n\t\t\t\t\t<button class=\"elementor-button elementor-size-sm\" type=\"submit\">\n\t\t\t\t\t\t<span class=\"elementor-button-content-wrapper\">\n\t\t\t\t\t\t\t\t\t\t\t\t\t\t\t\t\t\t\t\t\t\t<span class=\"elementor-button-text\">send<\/span>\n\t\t\t\t\t\t\t\t\t\t\t\t\t<\/span>\n\t\t\t\t\t<\/button>\n\t\t\t\t<\/div>\n\t\t\t<\/div>\n\t\t<\/form>\n\t\t\t\t\t\t<\/div>\n\t\t\t\t<\/div>\n\t\t\t\t<div class=\"elementor-element elementor-element-bf7c9d5 elementor-widget elementor-widget-heading\" data-id=\"bf7c9d5\" data-element_type=\"widget\" data-widget_type=\"heading.default\">\n\t\t\t\t<div class=\"elementor-widget-container\">\n\t\t\t\t\t<h2 class=\"elementor-heading-title elementor-size-default\">OTHER WAYS TO CONTACT US<\/h2>\t\t\t\t<\/div>\n\t\t\t\t<\/div>\n\t\t\t\t<div class=\"elementor-element elementor-element-4bb723f elementor-widget elementor-widget-text-editor\" data-id=\"4bb723f\" data-element_type=\"widget\" data-widget_type=\"text-editor.default\">\n\t\t\t\t<div class=\"elementor-widget-container\">\n\t\t\t\t\t\t\t\t\t<p>reservas@huertodelacondesa.com<\/p><p>tienda@huertodelacondesa.com<br \/>(+34) 626 406 074<\/p>\t\t\t\t\t\t\t\t<\/div>\n\t\t\t\t<\/div>\n\t\t\t\t<div class=\"elementor-element elementor-element-e51d6d7 elementor-widget elementor-widget-spacer\" data-id=\"e51d6d7\" data-element_type=\"widget\" data-widget_type=\"spacer.default\">\n\t\t\t\t<div class=\"elementor-widget-container\">\n\t\t\t\t\t\t\t<div class=\"elementor-spacer\">\n\t\t\t<div class=\"elementor-spacer-inner\"><\/div>\n\t\t<\/div>\n\t\t\t\t\t\t<\/div>\n\t\t\t\t<\/div>\n\t\t\t\t\t<\/div>\n\t\t\t\t<\/div>\n\t\t<div class=\"elementor-element elementor-element-fa2b377 e-con-full e-flex e-con e-parent\" data-id=\"fa2b377\" data-element_type=\"container\">\n\t\t\t\t<div class=\"elementor-element elementor-element-a8c8e29 elementor-widget elementor-widget-html\" data-id=\"a8c8e29\" data-element_type=\"widget\" data-widget_type=\"html.default\">\n\t\t\t\t<div class=\"elementor-widget-container\">\n\t\t\t\t\t<iframe src=\"https:\/\/www.google.com\/maps\/embed?pb=!1m14!1m8!1m3!1d12787.208521931603!2d-5.164342!3d36.7513203!3m2!1i1024!2i768!4f13.1!3m3!1m2!1s0xd0d375ffee9bf37%3A0x75e402e94fbf6842!2sBodega%20Huerto%20de%20la%20Condesa!5e0!3m2!1ses-419!2smx!4v1730493722678!5m2!1ses-419!2smx\" width=\"600\" height=\"550\" style=\"border:0;\" allowfullscreen=\"\" loading=\"lazy\" referrerpolicy=\"no-referrer-when-downgrade\"><\/iframe>\t\t\t\t<\/div>\n\t\t\t\t<\/div>\n\t\t\t\t<\/div>\n\t\t\t\t<\/div>\n\t\t","protected":false},"excerpt":{"rendered":"<p>Do you have a question? Contact with us Contact form OTHER WAYS TO CONTACT US reservas@huertodelacondesa.com tienda@huertodelacondesa.com(+34) 626 406 074<\/p>\n","protected":false},"author":1,"featured_media":0,"parent":0,"menu_order":0,"comment_status":"closed","ping_status":"closed","template":"","meta":{"footnotes":""},"class_list":["post-2905","page","type-page","status-publish","hentry"],"yoast_head":"<!-- This site is optimized with the Yoast SEO plugin v26.8 - https:\/\/yoast.com\/product\/yoast-seo-wordpress\/ -->\n<title>Contacto - Huerto de la Condesa<\/title>\n<meta name=\"description\" content=\"Cont\u00e1ctanos para conocer m\u00e1s sobre nuestros vinos y visitas. Estamos aqu\u00ed para responder tus dudas y ayudarte en Huerto de la Condesa.\" \/>\n<meta name=\"robots\" content=\"index, follow, max-snippet:-1, max-image-preview:large, max-video-preview:-1\" \/>\n<meta property=\"og:locale\" content=\"en_US\" \/>\n<meta property=\"og:type\" content=\"article\" \/>\n<meta property=\"og:title\" content=\"Contacto - Huerto de la Condesa\" \/>\n<meta property=\"og:description\" content=\"Cont\u00e1ctanos para conocer m\u00e1s sobre nuestros vinos y visitas. Estamos aqu\u00ed para responder tus dudas y ayudarte en Huerto de la Condesa.\" \/>\n<meta property=\"og:url\" content=\"https:\/\/huertodelacondesa.com\/en\/contacto\/\" \/>\n<meta property=\"og:site_name\" content=\"Huerto de la Condesa\" \/>\n<meta property=\"article:modified_time\" content=\"2025-02-19T13:58:37+00:00\" \/>\n<meta name=\"twitter:card\" content=\"summary_large_image\" \/>\n<meta name=\"twitter:label1\" content=\"Est. reading time\" \/>\n\t<meta name=\"twitter:data1\" content=\"1 minute\" \/>\n<script type=\"application\/ld+json\" class=\"yoast-schema-graph\">{\"@context\":\"https:\/\/schema.org\",\"@graph\":[{\"@type\":\"WebPage\",\"@id\":\"https:\/\/huertodelacondesa.com\/en\/contacto\/\",\"url\":\"https:\/\/huertodelacondesa.com\/en\/contacto\/\",\"name\":\"Contacto - Huerto de la Condesa\",\"isPartOf\":{\"@id\":\"https:\/\/huertodelacondesa.com\/en\/#website\"},\"datePublished\":\"2024-11-01T05:59:47+00:00\",\"dateModified\":\"2025-02-19T13:58:37+00:00\",\"description\":\"Cont\u00e1ctanos para conocer m\u00e1s sobre nuestros vinos y visitas. Estamos aqu\u00ed para responder tus dudas y ayudarte en Huerto de la Condesa.\",\"breadcrumb\":{\"@id\":\"https:\/\/huertodelacondesa.com\/en\/contacto\/#breadcrumb\"},\"inLanguage\":\"en-US\",\"potentialAction\":[{\"@type\":\"ReadAction\",\"target\":[\"https:\/\/huertodelacondesa.com\/en\/contacto\/\"]}]},{\"@type\":\"BreadcrumbList\",\"@id\":\"https:\/\/huertodelacondesa.com\/en\/contacto\/#breadcrumb\",\"itemListElement\":[{\"@type\":\"ListItem\",\"position\":1,\"name\":\"Portada\",\"item\":\"https:\/\/huertodelacondesa.com\/en\/\"},{\"@type\":\"ListItem\",\"position\":2,\"name\":\"Contact\"}]},{\"@type\":\"WebSite\",\"@id\":\"https:\/\/huertodelacondesa.com\/en\/#website\",\"url\":\"https:\/\/huertodelacondesa.com\/en\/\",\"name\":\"Huerto de la Condesa\",\"description\":\"Casa rural y vi\u00f1edo en Ronda\",\"publisher\":{\"@id\":\"https:\/\/huertodelacondesa.com\/en\/#organization\"},\"potentialAction\":[{\"@type\":\"SearchAction\",\"target\":{\"@type\":\"EntryPoint\",\"urlTemplate\":\"https:\/\/huertodelacondesa.com\/en\/?s={search_term_string}\"},\"query-input\":{\"@type\":\"PropertyValueSpecification\",\"valueRequired\":true,\"valueName\":\"search_term_string\"}}],\"inLanguage\":\"en-US\"},{\"@type\":\"Organization\",\"@id\":\"https:\/\/huertodelacondesa.com\/en\/#organization\",\"name\":\"Huerto de la Condesa\",\"url\":\"https:\/\/huertodelacondesa.com\/en\/\",\"logo\":{\"@type\":\"ImageObject\",\"inLanguage\":\"en-US\",\"@id\":\"https:\/\/huertodelacondesa.com\/en\/#\/schema\/logo\/image\/\",\"url\":\"https:\/\/huertodelacondesa.com\/wp-content\/uploads\/2024\/11\/HUERTO-DE-LA-CONDESA-LOGO-e1732335392670.png\",\"contentUrl\":\"https:\/\/huertodelacondesa.com\/wp-content\/uploads\/2024\/11\/HUERTO-DE-LA-CONDESA-LOGO-e1732335392670.png\",\"width\":1200,\"height\":752,\"caption\":\"Huerto de la Condesa\"},\"image\":{\"@id\":\"https:\/\/huertodelacondesa.com\/en\/#\/schema\/logo\/image\/\"}}]}<\/script>\n<!-- \/ Yoast SEO plugin. -->","yoast_head_json":{"title":"Contacto - Huerto de la Condesa","description":"Cont\u00e1ctanos para conocer m\u00e1s sobre nuestros vinos y visitas. Estamos aqu\u00ed para responder tus dudas y ayudarte en Huerto de la Condesa.","robots":{"index":"index","follow":"follow","max-snippet":"max-snippet:-1","max-image-preview":"max-image-preview:large","max-video-preview":"max-video-preview:-1"},"og_locale":"en_US","og_type":"article","og_title":"Contacto - Huerto de la Condesa","og_description":"Cont\u00e1ctanos para conocer m\u00e1s sobre nuestros vinos y visitas. Estamos aqu\u00ed para responder tus dudas y ayudarte en Huerto de la Condesa.","og_url":"https:\/\/huertodelacondesa.com\/en\/contacto\/","og_site_name":"Huerto de la Condesa","article_modified_time":"2025-02-19T13:58:37+00:00","twitter_card":"summary_large_image","twitter_misc":{"Est. reading time":"1 minute"},"schema":{"@context":"https:\/\/schema.org","@graph":[{"@type":"WebPage","@id":"https:\/\/huertodelacondesa.com\/en\/contacto\/","url":"https:\/\/huertodelacondesa.com\/en\/contacto\/","name":"Contacto - Huerto de la Condesa","isPartOf":{"@id":"https:\/\/huertodelacondesa.com\/en\/#website"},"datePublished":"2024-11-01T05:59:47+00:00","dateModified":"2025-02-19T13:58:37+00:00","description":"Cont\u00e1ctanos para conocer m\u00e1s sobre nuestros vinos y visitas. Estamos aqu\u00ed para responder tus dudas y ayudarte en Huerto de la Condesa.","breadcrumb":{"@id":"https:\/\/huertodelacondesa.com\/en\/contacto\/#breadcrumb"},"inLanguage":"en-US","potentialAction":[{"@type":"ReadAction","target":["https:\/\/huertodelacondesa.com\/en\/contacto\/"]}]},{"@type":"BreadcrumbList","@id":"https:\/\/huertodelacondesa.com\/en\/contacto\/#breadcrumb","itemListElement":[{"@type":"ListItem","position":1,"name":"Portada","item":"https:\/\/huertodelacondesa.com\/en\/"},{"@type":"ListItem","position":2,"name":"Contact"}]},{"@type":"WebSite","@id":"https:\/\/huertodelacondesa.com\/en\/#website","url":"https:\/\/huertodelacondesa.com\/en\/","name":"Huerto de la Condesa","description":"Casa rural y vi\u00f1edo en Ronda","publisher":{"@id":"https:\/\/huertodelacondesa.com\/en\/#organization"},"potentialAction":[{"@type":"SearchAction","target":{"@type":"EntryPoint","urlTemplate":"https:\/\/huertodelacondesa.com\/en\/?s={search_term_string}"},"query-input":{"@type":"PropertyValueSpecification","valueRequired":true,"valueName":"search_term_string"}}],"inLanguage":"en-US"},{"@type":"Organization","@id":"https:\/\/huertodelacondesa.com\/en\/#organization","name":"Huerto de la Condesa","url":"https:\/\/huertodelacondesa.com\/en\/","logo":{"@type":"ImageObject","inLanguage":"en-US","@id":"https:\/\/huertodelacondesa.com\/en\/#\/schema\/logo\/image\/","url":"https:\/\/huertodelacondesa.com\/wp-content\/uploads\/2024\/11\/HUERTO-DE-LA-CONDESA-LOGO-e1732335392670.png","contentUrl":"https:\/\/huertodelacondesa.com\/wp-content\/uploads\/2024\/11\/HUERTO-DE-LA-CONDESA-LOGO-e1732335392670.png","width":1200,"height":752,"caption":"Huerto de la Condesa"},"image":{"@id":"https:\/\/huertodelacondesa.com\/en\/#\/schema\/logo\/image\/"}}]}},"_links":{"self":[{"href":"https:\/\/huertodelacondesa.com\/en\/wp-json\/wp\/v2\/pages\/2905","targetHints":{"allow":["GET"]}}],"collection":[{"href":"https:\/\/huertodelacondesa.com\/en\/wp-json\/wp\/v2\/pages"}],"about":[{"href":"https:\/\/huertodelacondesa.com\/en\/wp-json\/wp\/v2\/types\/page"}],"author":[{"embeddable":true,"href":"https:\/\/huertodelacondesa.com\/en\/wp-json\/wp\/v2\/users\/1"}],"replies":[{"embeddable":true,"href":"https:\/\/huertodelacondesa.com\/en\/wp-json\/wp\/v2\/comments?post=2905"}],"version-history":[{"count":16,"href":"https:\/\/huertodelacondesa.com\/en\/wp-json\/wp\/v2\/pages\/2905\/revisions"}],"predecessor-version":[{"id":4100,"href":"https:\/\/huertodelacondesa.com\/en\/wp-json\/wp\/v2\/pages\/2905\/revisions\/4100"}],"wp:attachment":[{"href":"https:\/\/huertodelacondesa.com\/en\/wp-json\/wp\/v2\/media?parent=2905"}],"curies":[{"name":"wp","href":"https:\/\/api.w.org\/{rel}","templated":true}]}}