{"id":1929,"date":"2020-02-26T20:02:29","date_gmt":"2020-02-26T20:02:29","guid":{"rendered":"https:\/\/huertodelacondesa.com\/envios-y-devoluciones\/"},"modified":"2024-11-23T06:37:23","modified_gmt":"2024-11-23T06:37:23","slug":"envios-y-devoluciones","status":"publish","type":"page","link":"https:\/\/huertodelacondesa.com\/en\/envios-y-devoluciones\/","title":{"rendered":"Env\u00edos y Devoluciones"},"content":{"rendered":"\t\t<div data-elementor-type=\"wp-page\" data-elementor-id=\"1929\" class=\"elementor elementor-1929\" data-elementor-post-type=\"page\">\n\t\t\t\t<div class=\"elementor-element elementor-element-76748a5 e-flex e-con-boxed e-con e-parent\" data-id=\"76748a5\" data-element_type=\"container\" data-settings=\"{&quot;background_background&quot;:&quot;classic&quot;}\">\n\t\t\t\t\t<div class=\"e-con-inner\">\n\t\t\t\t<div class=\"elementor-element elementor-element-5919811 elementor-widget elementor-widget-spacer\" data-id=\"5919811\" data-element_type=\"widget\" data-widget_type=\"spacer.default\">\n\t\t\t\t<div class=\"elementor-widget-container\">\n\t\t\t\t\t\t\t<div class=\"elementor-spacer\">\n\t\t\t<div class=\"elementor-spacer-inner\"><\/div>\n\t\t<\/div>\n\t\t\t\t\t\t<\/div>\n\t\t\t\t<\/div>\n\t\t\t\t\t<\/div>\n\t\t\t\t<\/div>\n\t\t<div class=\"elementor-element elementor-element-20bab0cd e-flex e-con-boxed e-con e-parent\" data-id=\"20bab0cd\" data-element_type=\"container\">\n\t\t\t\t\t<div class=\"e-con-inner\">\n\t\t\t\t<div class=\"elementor-element elementor-element-0ee4ff6 elementor-widget elementor-widget-heading\" data-id=\"0ee4ff6\" data-element_type=\"widget\" data-widget_type=\"heading.default\">\n\t\t\t\t<div class=\"elementor-widget-container\">\n\t\t\t\t\t<h1 class=\"elementor-heading-title elementor-size-default\">Env\u00edos y Devoluciones<\/h1>\t\t\t\t<\/div>\n\t\t\t\t<\/div>\n\t\t\t\t<div class=\"elementor-element elementor-element-b62582d elementor-widget elementor-widget-text-editor\" data-id=\"b62582d\" data-element_type=\"widget\" data-widget_type=\"text-editor.default\">\n\t\t\t\t<div class=\"elementor-widget-container\">\n\t\t\t\t\t\t\t\t\t<p>1.- Debido al car\u00e1cter de algunos de nuestros productos podr\u00eda haber en alguna ocasi\u00f3n alg\u00fan retraso en el env\u00edo del pedido, del cual siempre ser\u00e1 usted informado puntualmente.<\/p><p>2.- Todos los pedidos se enviar\u00e1n por transporte Urgente y asegurado, salvo que se indique espec\u00edficamente lo contrario, cualquiera que sea la forma de env\u00edo.<\/p><p>3.- Ante de firmar la hoja de env\u00edo, debe comprobar que el producto no sufre ning\u00fan deterioro externo, de lo contrario deje clara constancia al transportista del desperfecto y an\u00f3telo en el albar\u00e1n de entrega para tramitar la correspondiente indemnizaci\u00f3n del producto. Y se le enviar\u00e1 inmediatamente otro producto id\u00e9ntico y ante cualquier duda, no firme y devuelva el producto.<\/p><p>4.- Si desea cambiar o devolver un pedido, por cuestiones ajenas a Huerto de la Condesa, los gastos de env\u00edo y reenv\u00edo a Estepona (M\u00e1laga) correr\u00e1n a su cargo, siempre que no sea por un error cometido por \u00abHuerto de la Condesa\u00bb en cuyo caso los gastos correr\u00e1n a nuestro cargo.<\/p><p>5.- Pasados 7 d\u00edas desde la fecha de compra no se admite ning\u00fan cambio ni devoluci\u00f3n.<\/p><p>6.- La empresa se reserva el derecho de modificar estas condiciones, EN CASO DE LITIGIO, el comprador tendr\u00e1 que someterse a los tribunales de justicia de la jurisdicci\u00f3n de M\u00e1laga, renunciando al fuero de su propio domicilio.<\/p><p>7.- Los precios de los productos NO incluyen el transporte. Los gastos de env\u00edo correr\u00e1n por cuenta del comprador. Salvo que se indique lo contrario.<\/p><p>8.- La edad m\u00ednima de compra deber\u00e1 ser de 18 a\u00f1os.<\/p><p>9.- El coste de los env\u00edos para pedidos inferiores a 60\u20ac en pen\u00ednsula es de 8,50\u20ac (incluido IVA)<\/p><p>FORMA DE PAGO Y SEGURIDAD<\/p><p>Huerto de la Condesa utiliza sistemas de &#8220;pago seguro&#8221; de entidades financieras preparadas para el comercio electr\u00f3nico.<\/p><p>Huerto de la Condesa s\u00f3lo acepta transacciones CES (Comercio Electr\u00f3nico Seguro) con el protocolo internacional 3D Secure que se distingue por los distintivos Verified by Visa y Mastercard Secure Code.<\/p><p>El Comercio Electr\u00f3nico Seguro es una iniciativa que tiene como principio b\u00e1sico garantizar la seguridad en las transacciones por Internet. Al realizar el pago a trav\u00e9s de la pasarela de pago segura, el sistema verificar\u00e1 autom\u00e1ticamente que la tarjeta de cr\u00e9dito est\u00e9 activada para Comercio Electr\u00f3nico Seguro. A continuaci\u00f3n, conectar\u00e1 con el banco emisor de la misma, el cual solicitar\u00e1 que autorice la operaci\u00f3n mediante un c\u00f3digo personal de autenticaci\u00f3n. La operaci\u00f3n s\u00f3lo se efectuar\u00e1 si el banco emisor de la tarjeta de cr\u00e9dito confirma el c\u00f3digo de autenticaci\u00f3n. En caso contrario, la transacci\u00f3n ser\u00e1 rechazada. Como medida complementaria al sistema de &#8220;Pago Seguro&#8221; y con el objetivo de colaborar en la prevenci\u00f3n del fraude a trav\u00e9s de Internet x. se reserva el derecho de verificar los datos personales suministrados por el cliente y adoptar las medidas que estime oportunas (incluyendo la cancelaci\u00f3n del pedido).<\/p>\t\t\t\t\t\t\t\t<\/div>\n\t\t\t\t<\/div>\n\t\t\t\t\t<\/div>\n\t\t\t\t<\/div>\n\t\t\t\t<\/div>\n\t\t","protected":false},"excerpt":{"rendered":"<p>1.- Debido al car\u00e1cter de algunos de nuestros productos podr\u00eda haber en alguna ocasi\u00f3n alg\u00fan retraso en el env\u00edo del pedido, del cual siempre ser\u00e1 usted informado puntualmente. 2.- Todos los pedidos se enviar\u00e1n por transporte Urgente y asegurado, salvo que se indique espec\u00edficamente lo contrario, cualquiera que sea la forma de env\u00edo. 3.- Ante [&hellip;]<\/p>\n","protected":false},"author":1,"featured_media":0,"parent":0,"menu_order":0,"comment_status":"closed","ping_status":"closed","template":"","meta":{"footnotes":""},"class_list":["post-1929","page","type-page","status-publish","hentry"],"yoast_head":"<!-- This site is optimized with the Yoast SEO plugin v26.8 - https:\/\/yoast.com\/product\/yoast-seo-wordpress\/ -->\n<title>Env\u00edos y Devoluciones - Huerto de la Condesa<\/title>\n<meta name=\"robots\" content=\"index, follow, max-snippet:-1, max-image-preview:large, max-video-preview:-1\" \/>\n<meta property=\"og:locale\" content=\"en_US\" \/>\n<meta property=\"og:type\" content=\"article\" \/>\n<meta property=\"og:title\" content=\"Env\u00edos y Devoluciones - Huerto de la Condesa\" \/>\n<meta property=\"og:description\" content=\"1.- Debido al car\u00e1cter de algunos de nuestros productos podr\u00eda haber en alguna ocasi\u00f3n alg\u00fan retraso en el env\u00edo del pedido, del cual siempre ser\u00e1 usted informado puntualmente. 2.- Todos los pedidos se enviar\u00e1n por transporte Urgente y asegurado, salvo que se indique espec\u00edficamente lo contrario, cualquiera que sea la forma de env\u00edo. 3.- Ante [&hellip;]\" \/>\n<meta property=\"og:url\" content=\"https:\/\/huertodelacondesa.com\/en\/envios-y-devoluciones\/\" \/>\n<meta property=\"og:site_name\" content=\"Huerto de la Condesa\" \/>\n<meta property=\"article:modified_time\" content=\"2024-11-23T06:37:23+00:00\" \/>\n<meta name=\"twitter:card\" content=\"summary_large_image\" \/>\n<meta name=\"twitter:label1\" content=\"Est. reading time\" \/>\n\t<meta name=\"twitter:data1\" content=\"3 minutes\" \/>\n<script type=\"application\/ld+json\" class=\"yoast-schema-graph\">{\"@context\":\"https:\/\/schema.org\",\"@graph\":[{\"@type\":\"WebPage\",\"@id\":\"https:\/\/huertodelacondesa.com\/en\/envios-y-devoluciones\/\",\"url\":\"https:\/\/huertodelacondesa.com\/en\/envios-y-devoluciones\/\",\"name\":\"Env\u00edos y Devoluciones - Huerto de la Condesa\",\"isPartOf\":{\"@id\":\"https:\/\/huertodelacondesa.com\/en\/#website\"},\"datePublished\":\"2020-02-26T20:02:29+00:00\",\"dateModified\":\"2024-11-23T06:37:23+00:00\",\"breadcrumb\":{\"@id\":\"https:\/\/huertodelacondesa.com\/en\/envios-y-devoluciones\/#breadcrumb\"},\"inLanguage\":\"en-US\",\"potentialAction\":[{\"@type\":\"ReadAction\",\"target\":[\"https:\/\/huertodelacondesa.com\/en\/envios-y-devoluciones\/\"]}]},{\"@type\":\"BreadcrumbList\",\"@id\":\"https:\/\/huertodelacondesa.com\/en\/envios-y-devoluciones\/#breadcrumb\",\"itemListElement\":[{\"@type\":\"ListItem\",\"position\":1,\"name\":\"Portada\",\"item\":\"https:\/\/huertodelacondesa.com\/en\/\"},{\"@type\":\"ListItem\",\"position\":2,\"name\":\"Env\u00edos y Devoluciones\"}]},{\"@type\":\"WebSite\",\"@id\":\"https:\/\/huertodelacondesa.com\/en\/#website\",\"url\":\"https:\/\/huertodelacondesa.com\/en\/\",\"name\":\"Huerto de la Condesa\",\"description\":\"Casa rural y vi\u00f1edo en Ronda\",\"publisher\":{\"@id\":\"https:\/\/huertodelacondesa.com\/en\/#organization\"},\"potentialAction\":[{\"@type\":\"SearchAction\",\"target\":{\"@type\":\"EntryPoint\",\"urlTemplate\":\"https:\/\/huertodelacondesa.com\/en\/?s={search_term_string}\"},\"query-input\":{\"@type\":\"PropertyValueSpecification\",\"valueRequired\":true,\"valueName\":\"search_term_string\"}}],\"inLanguage\":\"en-US\"},{\"@type\":\"Organization\",\"@id\":\"https:\/\/huertodelacondesa.com\/en\/#organization\",\"name\":\"Huerto de la Condesa\",\"url\":\"https:\/\/huertodelacondesa.com\/en\/\",\"logo\":{\"@type\":\"ImageObject\",\"inLanguage\":\"en-US\",\"@id\":\"https:\/\/huertodelacondesa.com\/en\/#\/schema\/logo\/image\/\",\"url\":\"https:\/\/huertodelacondesa.com\/wp-content\/uploads\/2024\/11\/HUERTO-DE-LA-CONDESA-LOGO-e1732335392670.png\",\"contentUrl\":\"https:\/\/huertodelacondesa.com\/wp-content\/uploads\/2024\/11\/HUERTO-DE-LA-CONDESA-LOGO-e1732335392670.png\",\"width\":1200,\"height\":752,\"caption\":\"Huerto de la Condesa\"},\"image\":{\"@id\":\"https:\/\/huertodelacondesa.com\/en\/#\/schema\/logo\/image\/\"}}]}<\/script>\n<!-- \/ Yoast SEO plugin. -->","yoast_head_json":{"title":"Env\u00edos y Devoluciones - Huerto de la Condesa","robots":{"index":"index","follow":"follow","max-snippet":"max-snippet:-1","max-image-preview":"max-image-preview:large","max-video-preview":"max-video-preview:-1"},"og_locale":"en_US","og_type":"article","og_title":"Env\u00edos y Devoluciones - Huerto de la Condesa","og_description":"1.- Debido al car\u00e1cter de algunos de nuestros productos podr\u00eda haber en alguna ocasi\u00f3n alg\u00fan retraso en el env\u00edo del pedido, del cual siempre ser\u00e1 usted informado puntualmente. 2.- Todos los pedidos se enviar\u00e1n por transporte Urgente y asegurado, salvo que se indique espec\u00edficamente lo contrario, cualquiera que sea la forma de env\u00edo. 3.- Ante [&hellip;]","og_url":"https:\/\/huertodelacondesa.com\/en\/envios-y-devoluciones\/","og_site_name":"Huerto de la Condesa","article_modified_time":"2024-11-23T06:37:23+00:00","twitter_card":"summary_large_image","twitter_misc":{"Est. reading time":"3 minutes"},"schema":{"@context":"https:\/\/schema.org","@graph":[{"@type":"WebPage","@id":"https:\/\/huertodelacondesa.com\/en\/envios-y-devoluciones\/","url":"https:\/\/huertodelacondesa.com\/en\/envios-y-devoluciones\/","name":"Env\u00edos y Devoluciones - Huerto de la Condesa","isPartOf":{"@id":"https:\/\/huertodelacondesa.com\/en\/#website"},"datePublished":"2020-02-26T20:02:29+00:00","dateModified":"2024-11-23T06:37:23+00:00","breadcrumb":{"@id":"https:\/\/huertodelacondesa.com\/en\/envios-y-devoluciones\/#breadcrumb"},"inLanguage":"en-US","potentialAction":[{"@type":"ReadAction","target":["https:\/\/huertodelacondesa.com\/en\/envios-y-devoluciones\/"]}]},{"@type":"BreadcrumbList","@id":"https:\/\/huertodelacondesa.com\/en\/envios-y-devoluciones\/#breadcrumb","itemListElement":[{"@type":"ListItem","position":1,"name":"Portada","item":"https:\/\/huertodelacondesa.com\/en\/"},{"@type":"ListItem","position":2,"name":"Env\u00edos y Devoluciones"}]},{"@type":"WebSite","@id":"https:\/\/huertodelacondesa.com\/en\/#website","url":"https:\/\/huertodelacondesa.com\/en\/","name":"Huerto de la Condesa","description":"Casa rural y vi\u00f1edo en Ronda","publisher":{"@id":"https:\/\/huertodelacondesa.com\/en\/#organization"},"potentialAction":[{"@type":"SearchAction","target":{"@type":"EntryPoint","urlTemplate":"https:\/\/huertodelacondesa.com\/en\/?s={search_term_string}"},"query-input":{"@type":"PropertyValueSpecification","valueRequired":true,"valueName":"search_term_string"}}],"inLanguage":"en-US"},{"@type":"Organization","@id":"https:\/\/huertodelacondesa.com\/en\/#organization","name":"Huerto de la Condesa","url":"https:\/\/huertodelacondesa.com\/en\/","logo":{"@type":"ImageObject","inLanguage":"en-US","@id":"https:\/\/huertodelacondesa.com\/en\/#\/schema\/logo\/image\/","url":"https:\/\/huertodelacondesa.com\/wp-content\/uploads\/2024\/11\/HUERTO-DE-LA-CONDESA-LOGO-e1732335392670.png","contentUrl":"https:\/\/huertodelacondesa.com\/wp-content\/uploads\/2024\/11\/HUERTO-DE-LA-CONDESA-LOGO-e1732335392670.png","width":1200,"height":752,"caption":"Huerto de la Condesa"},"image":{"@id":"https:\/\/huertodelacondesa.com\/en\/#\/schema\/logo\/image\/"}}]}},"_links":{"self":[{"href":"https:\/\/huertodelacondesa.com\/en\/wp-json\/wp\/v2\/pages\/1929","targetHints":{"allow":["GET"]}}],"collection":[{"href":"https:\/\/huertodelacondesa.com\/en\/wp-json\/wp\/v2\/pages"}],"about":[{"href":"https:\/\/huertodelacondesa.com\/en\/wp-json\/wp\/v2\/types\/page"}],"author":[{"embeddable":true,"href":"https:\/\/huertodelacondesa.com\/en\/wp-json\/wp\/v2\/users\/1"}],"replies":[{"embeddable":true,"href":"https:\/\/huertodelacondesa.com\/en\/wp-json\/wp\/v2\/comments?post=1929"}],"version-history":[{"count":0,"href":"https:\/\/huertodelacondesa.com\/en\/wp-json\/wp\/v2\/pages\/1929\/revisions"}],"wp:attachment":[{"href":"https:\/\/huertodelacondesa.com\/en\/wp-json\/wp\/v2\/media?parent=1929"}],"curies":[{"name":"wp","href":"https:\/\/api.w.org\/{rel}","templated":true}]}}